{"id":1579,"date":"2025-09-08T09:34:12","date_gmt":"2025-09-08T07:34:12","guid":{"rendered":"https:\/\/bo18.local\/raffle\/"},"modified":"2025-10-10T09:28:35","modified_gmt":"2025-10-10T07:28:35","slug":"nyeremenyjatek","status":"publish","type":"page","link":"https:\/\/bo18hotelbudapest.com\/hu\/nyeremenyjatek\/","title":{"rendered":"Nyerem\u00e9nyj\u00e1t\u00e9k"},"content":{"rendered":"\n<p>A nyerem\u00e9nyj\u00e1t\u00e9kban val\u00f3 r\u00e9szv\u00e9telhez foglaljon k\u00f6zvetlen\u00fcl honlapunkon \u00e9s sz\u00e1lljon meg n\u00e1lunk 2025.10.01-12.31 k\u00f6z\u00f6tt. A j\u00e1t\u00e9kon nyert 200 EUR \u00e9rt\u00e9k\u0171 utalv\u00e1ny 2026.09.30-ig haszn\u00e1lhat\u00f3 fel. A j\u00e1t\u00e9kban csak 18 \u00e9ven fel\u00fcliek vehetnek r\u00e9szt. A foglal\u00e1s v\u00e9gleges\u00edt\u00e9s\u00e9vel \u00d6n elfogadja a j\u00e1t\u00e9kszab\u00e1lyzatot, melyet megtal\u00e1l az adatkezel\u00e9si nyilatkozatban a\u00a0bo18hotelbudapest.com\u00a0oldalon.<\/p>\n","protected":false},"excerpt":{"rendered":"<p>A nyerem\u00e9nyj\u00e1t\u00e9kban val\u00f3 r\u00e9szv\u00e9telhez foglaljon k\u00f6zvetlen\u00fcl honlapunkon \u00e9s sz\u00e1lljon meg n\u00e1lunk 2025.10.01-12.31 k\u00f6z\u00f6tt. A j\u00e1t\u00e9kon nyert 200 EUR \u00e9rt\u00e9k\u0171 utalv\u00e1ny 2026.09.30-ig haszn\u00e1lhat\u00f3 fel. A j\u00e1t\u00e9kban csak 18 \u00e9ven fel\u00fcliek vehetnek r\u00e9szt. A foglal\u00e1s v\u00e9gleges\u00edt\u00e9s\u00e9vel \u00d6n elfogadja a j\u00e1t\u00e9kszab\u00e1lyzatot, melyet megtal\u00e1l az adatkezel\u00e9si nyilatkozatban a\u00a0bo18hotelbudapest.com\u00a0oldalon.<\/p>\n","protected":false},"author":1,"featured_media":0,"parent":0,"menu_order":0,"comment_status":"closed","ping_status":"closed","template":"template-parts\/page-default.php","meta":{"_acf_changed":false,"footnotes":""},"class_list":["post-1579","page","type-page","status-publish","hentry"],"acf":[],"yoast_head":"<!-- This site is optimized with the Yoast SEO plugin v26.7 - https:\/\/yoast.com\/wordpress\/plugins\/seo\/ -->\n<title>Nyerem\u00e9nyj\u00e1t\u00e9k - Bo18 Hotel***Superior<\/title>\n<meta name=\"robots\" content=\"index, follow, max-snippet:-1, max-image-preview:large, max-video-preview:-1\" \/>\n<link rel=\"canonical\" href=\"https:\/\/bo18hotelbudapest.com\/hu\/nyeremenyjatek\/\" \/>\n<meta property=\"og:locale\" content=\"hu_HU\" \/>\n<meta property=\"og:type\" content=\"article\" \/>\n<meta property=\"og:title\" content=\"Nyerem\u00e9nyj\u00e1t\u00e9k - Bo18 Hotel***Superior\" \/>\n<meta property=\"og:description\" content=\"A nyerem\u00e9nyj\u00e1t\u00e9kban val\u00f3 r\u00e9szv\u00e9telhez foglaljon k\u00f6zvetlen\u00fcl honlapunkon \u00e9s sz\u00e1lljon meg n\u00e1lunk 2025.10.01-12.31 k\u00f6z\u00f6tt. A j\u00e1t\u00e9kon nyert 200 EUR \u00e9rt\u00e9k\u0171 utalv\u00e1ny 2026.09.30-ig haszn\u00e1lhat\u00f3 fel. A j\u00e1t\u00e9kban csak 18 \u00e9ven fel\u00fcliek vehetnek r\u00e9szt. A foglal\u00e1s v\u00e9gleges\u00edt\u00e9s\u00e9vel \u00d6n elfogadja a j\u00e1t\u00e9kszab\u00e1lyzatot, melyet megtal\u00e1l az adatkezel\u00e9si nyilatkozatban a\u00a0bo18hotelbudapest.com\u00a0oldalon.\" \/>\n<meta property=\"og:url\" content=\"https:\/\/bo18hotelbudapest.com\/hu\/nyeremenyjatek\/\" \/>\n<meta property=\"og:site_name\" content=\"Bo18 Hotel***Superior\" \/>\n<meta property=\"article:publisher\" content=\"https:\/\/www.facebook.com\/Bo18HotelSuperior\" \/>\n<meta property=\"article:modified_time\" content=\"2025-10-10T07:28:35+00:00\" \/>\n<meta name=\"twitter:card\" content=\"summary_large_image\" \/>\n<meta name=\"twitter:label1\" content=\"Becs\u00fclt olvas\u00e1si id\u0151\" \/>\n\t<meta name=\"twitter:data1\" content=\"1 perc\" \/>\n<script type=\"application\/ld+json\" class=\"yoast-schema-graph\">{\"@context\":\"https:\/\/schema.org\",\"@graph\":[{\"@type\":\"WebPage\",\"@id\":\"https:\/\/bo18hotelbudapest.com\/hu\/nyeremenyjatek\/\",\"url\":\"https:\/\/bo18hotelbudapest.com\/hu\/nyeremenyjatek\/\",\"name\":\"Nyerem\u00e9nyj\u00e1t\u00e9k - Bo18 Hotel***Superior\",\"isPartOf\":{\"@id\":\"https:\/\/bo18hotelbudapest.com\/#website\"},\"datePublished\":\"2025-09-08T07:34:12+00:00\",\"dateModified\":\"2025-10-10T07:28:35+00:00\",\"breadcrumb\":{\"@id\":\"https:\/\/bo18hotelbudapest.com\/hu\/nyeremenyjatek\/#breadcrumb\"},\"inLanguage\":\"hu\",\"potentialAction\":[{\"@type\":\"ReadAction\",\"target\":[\"https:\/\/bo18hotelbudapest.com\/hu\/nyeremenyjatek\/\"]}]},{\"@type\":\"BreadcrumbList\",\"@id\":\"https:\/\/bo18hotelbudapest.com\/hu\/nyeremenyjatek\/#breadcrumb\",\"itemListElement\":[{\"@type\":\"ListItem\",\"position\":1,\"name\":\"Home\",\"item\":\"https:\/\/bo18hotelbudapest.com\/hu\/\"},{\"@type\":\"ListItem\",\"position\":2,\"name\":\"Nyerem\u00e9nyj\u00e1t\u00e9k\"}]},{\"@type\":\"WebSite\",\"@id\":\"https:\/\/bo18hotelbudapest.com\/#website\",\"url\":\"https:\/\/bo18hotelbudapest.com\/\",\"name\":\"Bo18 Hotel***Superior\",\"description\":\"\",\"publisher\":{\"@id\":\"https:\/\/bo18hotelbudapest.com\/#organization\"},\"potentialAction\":[{\"@type\":\"SearchAction\",\"target\":{\"@type\":\"EntryPoint\",\"urlTemplate\":\"https:\/\/bo18hotelbudapest.com\/?s={search_term_string}\"},\"query-input\":{\"@type\":\"PropertyValueSpecification\",\"valueRequired\":true,\"valueName\":\"search_term_string\"}}],\"inLanguage\":\"hu\"},{\"@type\":\"Organization\",\"@id\":\"https:\/\/bo18hotelbudapest.com\/#organization\",\"name\":\"Bo18 Hotel***Superior\",\"url\":\"https:\/\/bo18hotelbudapest.com\/\",\"logo\":{\"@type\":\"ImageObject\",\"inLanguage\":\"hu\",\"@id\":\"https:\/\/bo18hotelbudapest.com\/#\/schema\/logo\/image\/\",\"url\":\"https:\/\/bo18hotelbudapest-local.local\/wp-content\/uploads\/2023\/08\/bo18hotel-logo.png\",\"contentUrl\":\"https:\/\/bo18hotelbudapest-local.local\/wp-content\/uploads\/2023\/08\/bo18hotel-logo.png\",\"width\":379,\"height\":103,\"caption\":\"Bo18 Hotel***Superior\"},\"image\":{\"@id\":\"https:\/\/bo18hotelbudapest.com\/#\/schema\/logo\/image\/\"},\"sameAs\":[\"https:\/\/www.facebook.com\/Bo18HotelSuperior\",\"https:\/\/www.tripadvisor.com\/Hotel_Review-g274887-d2067196-Reviews-Bo18_Hotel_Superior-Budapest_Central_Hungary.html\",\"https:\/\/www.instagram.com\/bo18hotel\/\"]}]}<\/script>\n<!-- \/ Yoast SEO plugin. -->","yoast_head_json":{"title":"Nyerem\u00e9nyj\u00e1t\u00e9k - Bo18 Hotel***Superior","robots":{"index":"index","follow":"follow","max-snippet":"max-snippet:-1","max-image-preview":"max-image-preview:large","max-video-preview":"max-video-preview:-1"},"canonical":"https:\/\/bo18hotelbudapest.com\/hu\/nyeremenyjatek\/","og_locale":"hu_HU","og_type":"article","og_title":"Nyerem\u00e9nyj\u00e1t\u00e9k - Bo18 Hotel***Superior","og_description":"A nyerem\u00e9nyj\u00e1t\u00e9kban val\u00f3 r\u00e9szv\u00e9telhez foglaljon k\u00f6zvetlen\u00fcl honlapunkon \u00e9s sz\u00e1lljon meg n\u00e1lunk 2025.10.01-12.31 k\u00f6z\u00f6tt. A j\u00e1t\u00e9kon nyert 200 EUR \u00e9rt\u00e9k\u0171 utalv\u00e1ny 2026.09.30-ig haszn\u00e1lhat\u00f3 fel. A j\u00e1t\u00e9kban csak 18 \u00e9ven fel\u00fcliek vehetnek r\u00e9szt. A foglal\u00e1s v\u00e9gleges\u00edt\u00e9s\u00e9vel \u00d6n elfogadja a j\u00e1t\u00e9kszab\u00e1lyzatot, melyet megtal\u00e1l az adatkezel\u00e9si nyilatkozatban a\u00a0bo18hotelbudapest.com\u00a0oldalon.","og_url":"https:\/\/bo18hotelbudapest.com\/hu\/nyeremenyjatek\/","og_site_name":"Bo18 Hotel***Superior","article_publisher":"https:\/\/www.facebook.com\/Bo18HotelSuperior","article_modified_time":"2025-10-10T07:28:35+00:00","twitter_card":"summary_large_image","twitter_misc":{"Becs\u00fclt olvas\u00e1si id\u0151":"1 perc"},"schema":{"@context":"https:\/\/schema.org","@graph":[{"@type":"WebPage","@id":"https:\/\/bo18hotelbudapest.com\/hu\/nyeremenyjatek\/","url":"https:\/\/bo18hotelbudapest.com\/hu\/nyeremenyjatek\/","name":"Nyerem\u00e9nyj\u00e1t\u00e9k - Bo18 Hotel***Superior","isPartOf":{"@id":"https:\/\/bo18hotelbudapest.com\/#website"},"datePublished":"2025-09-08T07:34:12+00:00","dateModified":"2025-10-10T07:28:35+00:00","breadcrumb":{"@id":"https:\/\/bo18hotelbudapest.com\/hu\/nyeremenyjatek\/#breadcrumb"},"inLanguage":"hu","potentialAction":[{"@type":"ReadAction","target":["https:\/\/bo18hotelbudapest.com\/hu\/nyeremenyjatek\/"]}]},{"@type":"BreadcrumbList","@id":"https:\/\/bo18hotelbudapest.com\/hu\/nyeremenyjatek\/#breadcrumb","itemListElement":[{"@type":"ListItem","position":1,"name":"Home","item":"https:\/\/bo18hotelbudapest.com\/hu\/"},{"@type":"ListItem","position":2,"name":"Nyerem\u00e9nyj\u00e1t\u00e9k"}]},{"@type":"WebSite","@id":"https:\/\/bo18hotelbudapest.com\/#website","url":"https:\/\/bo18hotelbudapest.com\/","name":"Bo18 Hotel***Superior","description":"","publisher":{"@id":"https:\/\/bo18hotelbudapest.com\/#organization"},"potentialAction":[{"@type":"SearchAction","target":{"@type":"EntryPoint","urlTemplate":"https:\/\/bo18hotelbudapest.com\/?s={search_term_string}"},"query-input":{"@type":"PropertyValueSpecification","valueRequired":true,"valueName":"search_term_string"}}],"inLanguage":"hu"},{"@type":"Organization","@id":"https:\/\/bo18hotelbudapest.com\/#organization","name":"Bo18 Hotel***Superior","url":"https:\/\/bo18hotelbudapest.com\/","logo":{"@type":"ImageObject","inLanguage":"hu","@id":"https:\/\/bo18hotelbudapest.com\/#\/schema\/logo\/image\/","url":"https:\/\/bo18hotelbudapest-local.local\/wp-content\/uploads\/2023\/08\/bo18hotel-logo.png","contentUrl":"https:\/\/bo18hotelbudapest-local.local\/wp-content\/uploads\/2023\/08\/bo18hotel-logo.png","width":379,"height":103,"caption":"Bo18 Hotel***Superior"},"image":{"@id":"https:\/\/bo18hotelbudapest.com\/#\/schema\/logo\/image\/"},"sameAs":["https:\/\/www.facebook.com\/Bo18HotelSuperior","https:\/\/www.tripadvisor.com\/Hotel_Review-g274887-d2067196-Reviews-Bo18_Hotel_Superior-Budapest_Central_Hungary.html","https:\/\/www.instagram.com\/bo18hotel\/"]}]}},"_links":{"self":[{"href":"https:\/\/bo18hotelbudapest.com\/hu\/wp-json\/wp\/v2\/pages\/1579"}],"collection":[{"href":"https:\/\/bo18hotelbudapest.com\/hu\/wp-json\/wp\/v2\/pages"}],"about":[{"href":"https:\/\/bo18hotelbudapest.com\/hu\/wp-json\/wp\/v2\/types\/page"}],"author":[{"embeddable":true,"href":"https:\/\/bo18hotelbudapest.com\/hu\/wp-json\/wp\/v2\/users\/1"}],"replies":[{"embeddable":true,"href":"https:\/\/bo18hotelbudapest.com\/hu\/wp-json\/wp\/v2\/comments?post=1579"}],"version-history":[{"count":2,"href":"https:\/\/bo18hotelbudapest.com\/hu\/wp-json\/wp\/v2\/pages\/1579\/revisions"}],"predecessor-version":[{"id":1584,"href":"https:\/\/bo18hotelbudapest.com\/hu\/wp-json\/wp\/v2\/pages\/1579\/revisions\/1584"}],"wp:attachment":[{"href":"https:\/\/bo18hotelbudapest.com\/hu\/wp-json\/wp\/v2\/media?parent=1579"}],"curies":[{"name":"wp","href":"https:\/\/api.w.org\/{rel}","templated":true}]}}