{"id":1240,"date":"2024-07-24T12:18:50","date_gmt":"2024-07-24T10:18:50","guid":{"rendered":"https:\/\/bo18hotelbudapest-local.local\/?page_id=1240"},"modified":"2025-08-06T14:37:28","modified_gmt":"2025-08-06T12:37:28","slug":"off-site-2-haloszobas-apartman-erkellyel","status":"publish","type":"page","link":"https:\/\/bo18hotelbudapest.com\/hu\/szobak\/off-site-2-haloszobas-apartman-erkellyel\/","title":{"rendered":"Off-site 2 h\u00e1l\u00f3szob\u00e1s apartman erk\u00e9llyel"},"content":{"rendered":"","protected":false},"excerpt":{"rendered":"","protected":false},"author":1,"featured_media":0,"parent":31,"menu_order":0,"comment_status":"closed","ping_status":"closed","template":"template-parts\/page-single-room.php","meta":{"_acf_changed":false,"footnotes":""},"class_list":["post-1240","page","type-page","status-publish","hentry"],"acf":[],"yoast_head":"<!-- This site is optimized with the Yoast SEO plugin v26.7 - https:\/\/yoast.com\/wordpress\/plugins\/seo\/ -->\n<title>Off-site 2 h\u00e1l\u00f3szob\u00e1s apartman erk\u00e9llyel - Bo18 Hotel***Superior<\/title>\n<meta name=\"robots\" content=\"index, follow, max-snippet:-1, max-image-preview:large, max-video-preview:-1\" \/>\n<link rel=\"canonical\" href=\"https:\/\/bo18hotelbudapest.com\/hu\/szobak\/off-site-2-haloszobas-apartman-erkellyel\/\" \/>\n<meta property=\"og:locale\" content=\"hu_HU\" \/>\n<meta property=\"og:type\" content=\"article\" \/>\n<meta property=\"og:title\" content=\"Off-site 2 h\u00e1l\u00f3szob\u00e1s apartman erk\u00e9llyel - Bo18 Hotel***Superior\" \/>\n<meta property=\"og:url\" content=\"https:\/\/bo18hotelbudapest.com\/hu\/szobak\/off-site-2-haloszobas-apartman-erkellyel\/\" \/>\n<meta property=\"og:site_name\" content=\"Bo18 Hotel***Superior\" \/>\n<meta property=\"article:publisher\" content=\"https:\/\/www.facebook.com\/Bo18HotelSuperior\" \/>\n<meta property=\"article:modified_time\" content=\"2025-08-06T12:37:28+00:00\" \/>\n<meta name=\"twitter:card\" content=\"summary_large_image\" \/>\n<script type=\"application\/ld+json\" class=\"yoast-schema-graph\">{\"@context\":\"https:\/\/schema.org\",\"@graph\":[{\"@type\":\"WebPage\",\"@id\":\"https:\/\/bo18hotelbudapest.com\/hu\/szobak\/off-site-2-haloszobas-apartman-erkellyel\/\",\"url\":\"https:\/\/bo18hotelbudapest.com\/hu\/szobak\/off-site-2-haloszobas-apartman-erkellyel\/\",\"name\":\"Off-site 2 h\u00e1l\u00f3szob\u00e1s apartman erk\u00e9llyel - Bo18 Hotel***Superior\",\"isPartOf\":{\"@id\":\"https:\/\/bo18hotelbudapest.com\/#website\"},\"datePublished\":\"2024-07-24T10:18:50+00:00\",\"dateModified\":\"2025-08-06T12:37:28+00:00\",\"breadcrumb\":{\"@id\":\"https:\/\/bo18hotelbudapest.com\/hu\/szobak\/off-site-2-haloszobas-apartman-erkellyel\/#breadcrumb\"},\"inLanguage\":\"hu\",\"potentialAction\":[{\"@type\":\"ReadAction\",\"target\":[\"https:\/\/bo18hotelbudapest.com\/hu\/szobak\/off-site-2-haloszobas-apartman-erkellyel\/\"]}]},{\"@type\":\"BreadcrumbList\",\"@id\":\"https:\/\/bo18hotelbudapest.com\/hu\/szobak\/off-site-2-haloszobas-apartman-erkellyel\/#breadcrumb\",\"itemListElement\":[{\"@type\":\"ListItem\",\"position\":1,\"name\":\"Home\",\"item\":\"https:\/\/bo18hotelbudapest.com\/hu\/\"},{\"@type\":\"ListItem\",\"position\":2,\"name\":\"Szob\u00e1k\",\"item\":\"https:\/\/bo18hotelbudapest.com\/hu\/szobak\/\"},{\"@type\":\"ListItem\",\"position\":3,\"name\":\"Off-site 2 h\u00e1l\u00f3szob\u00e1s apartman erk\u00e9llyel\"}]},{\"@type\":\"WebSite\",\"@id\":\"https:\/\/bo18hotelbudapest.com\/#website\",\"url\":\"https:\/\/bo18hotelbudapest.com\/\",\"name\":\"Bo18 Hotel***Superior\",\"description\":\"\",\"publisher\":{\"@id\":\"https:\/\/bo18hotelbudapest.com\/#organization\"},\"potentialAction\":[{\"@type\":\"SearchAction\",\"target\":{\"@type\":\"EntryPoint\",\"urlTemplate\":\"https:\/\/bo18hotelbudapest.com\/?s={search_term_string}\"},\"query-input\":{\"@type\":\"PropertyValueSpecification\",\"valueRequired\":true,\"valueName\":\"search_term_string\"}}],\"inLanguage\":\"hu\"},{\"@type\":\"Organization\",\"@id\":\"https:\/\/bo18hotelbudapest.com\/#organization\",\"name\":\"Bo18 Hotel***Superior\",\"url\":\"https:\/\/bo18hotelbudapest.com\/\",\"logo\":{\"@type\":\"ImageObject\",\"inLanguage\":\"hu\",\"@id\":\"https:\/\/bo18hotelbudapest.com\/#\/schema\/logo\/image\/\",\"url\":\"https:\/\/bo18hotelbudapest-local.local\/wp-content\/uploads\/2023\/08\/bo18hotel-logo.png\",\"contentUrl\":\"https:\/\/bo18hotelbudapest-local.local\/wp-content\/uploads\/2023\/08\/bo18hotel-logo.png\",\"width\":379,\"height\":103,\"caption\":\"Bo18 Hotel***Superior\"},\"image\":{\"@id\":\"https:\/\/bo18hotelbudapest.com\/#\/schema\/logo\/image\/\"},\"sameAs\":[\"https:\/\/www.facebook.com\/Bo18HotelSuperior\",\"https:\/\/www.tripadvisor.com\/Hotel_Review-g274887-d2067196-Reviews-Bo18_Hotel_Superior-Budapest_Central_Hungary.html\",\"https:\/\/www.instagram.com\/bo18hotel\/\"]}]}<\/script>\n<!-- \/ Yoast SEO plugin. -->","yoast_head_json":{"title":"Off-site 2 h\u00e1l\u00f3szob\u00e1s apartman erk\u00e9llyel - Bo18 Hotel***Superior","robots":{"index":"index","follow":"follow","max-snippet":"max-snippet:-1","max-image-preview":"max-image-preview:large","max-video-preview":"max-video-preview:-1"},"canonical":"https:\/\/bo18hotelbudapest.com\/hu\/szobak\/off-site-2-haloszobas-apartman-erkellyel\/","og_locale":"hu_HU","og_type":"article","og_title":"Off-site 2 h\u00e1l\u00f3szob\u00e1s apartman erk\u00e9llyel - Bo18 Hotel***Superior","og_url":"https:\/\/bo18hotelbudapest.com\/hu\/szobak\/off-site-2-haloszobas-apartman-erkellyel\/","og_site_name":"Bo18 Hotel***Superior","article_publisher":"https:\/\/www.facebook.com\/Bo18HotelSuperior","article_modified_time":"2025-08-06T12:37:28+00:00","twitter_card":"summary_large_image","schema":{"@context":"https:\/\/schema.org","@graph":[{"@type":"WebPage","@id":"https:\/\/bo18hotelbudapest.com\/hu\/szobak\/off-site-2-haloszobas-apartman-erkellyel\/","url":"https:\/\/bo18hotelbudapest.com\/hu\/szobak\/off-site-2-haloszobas-apartman-erkellyel\/","name":"Off-site 2 h\u00e1l\u00f3szob\u00e1s apartman erk\u00e9llyel - Bo18 Hotel***Superior","isPartOf":{"@id":"https:\/\/bo18hotelbudapest.com\/#website"},"datePublished":"2024-07-24T10:18:50+00:00","dateModified":"2025-08-06T12:37:28+00:00","breadcrumb":{"@id":"https:\/\/bo18hotelbudapest.com\/hu\/szobak\/off-site-2-haloszobas-apartman-erkellyel\/#breadcrumb"},"inLanguage":"hu","potentialAction":[{"@type":"ReadAction","target":["https:\/\/bo18hotelbudapest.com\/hu\/szobak\/off-site-2-haloszobas-apartman-erkellyel\/"]}]},{"@type":"BreadcrumbList","@id":"https:\/\/bo18hotelbudapest.com\/hu\/szobak\/off-site-2-haloszobas-apartman-erkellyel\/#breadcrumb","itemListElement":[{"@type":"ListItem","position":1,"name":"Home","item":"https:\/\/bo18hotelbudapest.com\/hu\/"},{"@type":"ListItem","position":2,"name":"Szob\u00e1k","item":"https:\/\/bo18hotelbudapest.com\/hu\/szobak\/"},{"@type":"ListItem","position":3,"name":"Off-site 2 h\u00e1l\u00f3szob\u00e1s apartman erk\u00e9llyel"}]},{"@type":"WebSite","@id":"https:\/\/bo18hotelbudapest.com\/#website","url":"https:\/\/bo18hotelbudapest.com\/","name":"Bo18 Hotel***Superior","description":"","publisher":{"@id":"https:\/\/bo18hotelbudapest.com\/#organization"},"potentialAction":[{"@type":"SearchAction","target":{"@type":"EntryPoint","urlTemplate":"https:\/\/bo18hotelbudapest.com\/?s={search_term_string}"},"query-input":{"@type":"PropertyValueSpecification","valueRequired":true,"valueName":"search_term_string"}}],"inLanguage":"hu"},{"@type":"Organization","@id":"https:\/\/bo18hotelbudapest.com\/#organization","name":"Bo18 Hotel***Superior","url":"https:\/\/bo18hotelbudapest.com\/","logo":{"@type":"ImageObject","inLanguage":"hu","@id":"https:\/\/bo18hotelbudapest.com\/#\/schema\/logo\/image\/","url":"https:\/\/bo18hotelbudapest-local.local\/wp-content\/uploads\/2023\/08\/bo18hotel-logo.png","contentUrl":"https:\/\/bo18hotelbudapest-local.local\/wp-content\/uploads\/2023\/08\/bo18hotel-logo.png","width":379,"height":103,"caption":"Bo18 Hotel***Superior"},"image":{"@id":"https:\/\/bo18hotelbudapest.com\/#\/schema\/logo\/image\/"},"sameAs":["https:\/\/www.facebook.com\/Bo18HotelSuperior","https:\/\/www.tripadvisor.com\/Hotel_Review-g274887-d2067196-Reviews-Bo18_Hotel_Superior-Budapest_Central_Hungary.html","https:\/\/www.instagram.com\/bo18hotel\/"]}]}},"_links":{"self":[{"href":"https:\/\/bo18hotelbudapest.com\/hu\/wp-json\/wp\/v2\/pages\/1240"}],"collection":[{"href":"https:\/\/bo18hotelbudapest.com\/hu\/wp-json\/wp\/v2\/pages"}],"about":[{"href":"https:\/\/bo18hotelbudapest.com\/hu\/wp-json\/wp\/v2\/types\/page"}],"author":[{"embeddable":true,"href":"https:\/\/bo18hotelbudapest.com\/hu\/wp-json\/wp\/v2\/users\/1"}],"replies":[{"embeddable":true,"href":"https:\/\/bo18hotelbudapest.com\/hu\/wp-json\/wp\/v2\/comments?post=1240"}],"version-history":[{"count":9,"href":"https:\/\/bo18hotelbudapest.com\/hu\/wp-json\/wp\/v2\/pages\/1240\/revisions"}],"predecessor-version":[{"id":1566,"href":"https:\/\/bo18hotelbudapest.com\/hu\/wp-json\/wp\/v2\/pages\/1240\/revisions\/1566"}],"up":[{"embeddable":true,"href":"https:\/\/bo18hotelbudapest.com\/hu\/wp-json\/wp\/v2\/pages\/31"}],"wp:attachment":[{"href":"https:\/\/bo18hotelbudapest.com\/hu\/wp-json\/wp\/v2\/media?parent=1240"}],"curies":[{"name":"wp","href":"https:\/\/api.w.org\/{rel}","templated":true}]}}